{"id":31,"date":"2012-04-05T07:31:25","date_gmt":"2012-04-05T07:31:25","guid":{"rendered":"https:\/\/welovesantorini.com\/?page_id=31"},"modified":"2018-07-12T15:05:20","modified_gmt":"2018-07-12T15:05:20","slug":"collabora","status":"publish","type":"page","link":"https:\/\/welovesantorini.com\/it\/collabora\/","title":{"rendered":"Collabora"},"content":{"rendered":"<p>[et_pb_section bb_built=&#8221;1&#8243;][et_pb_row][et_pb_column type=&#8221;4_4&#8243;][et_pb_text _builder_version=&#8221;3.9&#8243;]<\/p>\n<p><strong>We Love Santorini<\/strong> \u00e8 il portale web dedicato ai turisti che approdano o che stanno per approdare sulla pi\u00f9 famosa delle Cicladi ma anche agli <strong>albergatori<\/strong> e ai <strong>ristoratori<\/strong> che desiderano far <strong>conoscere le proprie strutture ricettive<\/strong>.<\/p>\n<p>Sul nostro blog puoi trovare tante informazioni utili su <a href=\"https:\/\/welovesantorini.com\/it\/cosa-fare-santorini\/\"><strong>cosa fare<\/strong><\/a>, <a href=\"https:\/\/welovesantorini.com\/it\/cosa-vedere-santorini\/\"><strong>dove andare<\/strong><\/a>, <strong>cosa mangiare<\/strong> e <strong>dove alloggiare<\/strong> ma anche curiosit\u00e0 e tante meravigliose immagini sull&#8217;isola dell&#8217;amore.<\/p>\n<ul>\n<li>Se sei un\/a <strong>blogger<\/strong> e desideri collaborare con il nostro portale<\/li>\n<li>Se sei il <strong>titolare di un albergo<\/strong> e ti piacerebbe poter pubblicare un articolo che racconti, tramite parole e immagini, la tua struttura ricettiva<\/li>\n<li>Se gi\u00e0 disponi di un testo e sei interessato solo alla pubblicazione del tuo <strong>Guest Post Turistico<\/strong><\/li>\n<li>Se hai scritto un <strong>racconto di viaggio inedito su Santorini<\/strong> e ti piacerebbe fosse <strong>pubblicato con il tuo nome<\/strong><\/li>\n<\/ul>\n<p>[\/et_pb_text][et_pb_contact_form _builder_version=&#8221;3.9&#8243; email=&#8221;blog@welovesantorini.com&#8221;][et_pb_contact_field field_title=&#8221;Nome&#8221; field_type=&#8221;input&#8221; field_id=&#8221;Name&#8221; required_mark=&#8221;on&#8221; fullwidth_field=&#8221;off&#8221; _builder_version=&#8221;3.9&#8243; \/][et_pb_contact_field field_title=&#8221;Indirizzo e-mail&#8221; field_type=&#8221;email&#8221; field_id=&#8221;Email&#8221; required_mark=&#8221;on&#8221; fullwidth_field=&#8221;off&#8221; _builder_version=&#8221;3.9&#8243; checkbox_checked=&#8221;off&#8221; checkbox_options=&#8221;%91{%22value%22:%22Indirizzo e-mail%22,%22checked%22:0}%93&#8243; radio_options=&#8221;%91{%22value%22:%22Indirizzo e-mail%22,%22checked%22:0}%93&#8243; select_options=&#8221;%91{%22value%22:%22Indirizzo e-mail%22,%22checked%22:0}%93&#8243; min_length=&#8221;0&#8243; max_length=&#8221;0&#8243; allowed_symbols=&#8221;all&#8221; conditional_logic=&#8221;off&#8221; conditional_logic_relation=&#8221;off&#8221; conditional_logic_rules=&#8221;%91{%22field%22:%22name%22,%22condition%22:%22is%22,%22value%22:%22%22}%93&#8243; use_background_color_gradient=&#8221;off&#8221; background_color_gradient_start=&#8221;#2b87da&#8221; background_color_gradient_end=&#8221;#29c4a9&#8243; background_color_gradient_type=&#8221;linear&#8221; background_color_gradient_direction=&#8221;180deg&#8221; background_color_gradient_direction_radial=&#8221;center&#8221; background_color_gradient_start_position=&#8221;0%&#8221; background_color_gradient_end_position=&#8221;100%&#8221; background_color_gradient_overlays_image=&#8221;off&#8221; parallax=&#8221;off&#8221; parallax_method=&#8221;on&#8221; background_size=&#8221;cover&#8221; background_position=&#8221;center&#8221; background_repeat=&#8221;no-repeat&#8221; background_blend=&#8221;normal&#8221; allow_player_pause=&#8221;off&#8221; background_video_pause_outside_viewport=&#8221;on&#8221; form_field_text_shadow_style=&#8221;none&#8221; box_shadow_style=&#8221;none&#8221; \/][et_pb_contact_field field_title=&#8221;Messaggio&#8221; field_type=&#8221;text&#8221; field_id=&#8221;Message&#8221; required_mark=&#8221;on&#8221; fullwidth_field=&#8221;on&#8221; _builder_version=&#8221;3.9&#8243; \/][\/et_pb_contact_form][et_pb_text _builder_version=&#8221;3.9&#8243;]<\/p>\n<h4>Avvertenze Guest Post Turistici Santorini<\/h4>\n<p>Se disponi gi\u00e0 di un testo ottimizzato e ti interessa solo la pubblicazione con link sul nostro sito ricorda: pubblichiamo solo contenuti al 100% originali, mai utilizzati su altri siti e che abbiano una lunghezza minima di 500 parole.<\/p>\n<p>La nostra redazione si riserva di apportare eventuali modifiche utili all&#8217;<strong>ottimizzazione Seo<\/strong>.<\/p>\n<p>Se sei un <strong>viaggiatore amatoriale<\/strong> e ti piacerebbe condividere le tue foto online <a href=\"blog@welovesantorini.com\">CONTATTACI QUI<\/a>, le pubblicheremo con il tuo nome.<\/p>\n<h4><em>Il nostro obiettivo \u00e8 mettere in contatto turisti o operatori turistici, offrire un servizio utile a chi \u00e8 in cerca di esperienze indimenticabili a Santorini e dare visibilit\u00e0 al settore alberghiero e della ristorazione.<\/em><\/h4>\n<p>[\/et_pb_text][\/et_pb_column][\/et_pb_row][\/et_pb_section]<\/p>\n","protected":false},"excerpt":{"rendered":"<p><div class=\"et_pb_row et_pb_row_0 et_pb_row_empty\">\n\t\t\t\t\n\t\t\t\t\n\t\t\t\t\n\t\t\t\t\n\t\t\t\t\n\t\t\t<\/div> We Love Santorini \u00e8 il portale web dedicato ai turisti che approdano o che stanno per approdare sulla pi\u00f9 famosa delle Cicladi ma anche agli albergatori e ai ristoratori che desiderano far conoscere le proprie strutture ricettive. Sul nostro blog puoi trovare tante informazioni utili su cosa fare, dove andare, cosa mangiare e dove [&hellip;]<\/p>\n","protected":false},"author":7,"featured_media":0,"parent":0,"menu_order":0,"comment_status":"open","ping_status":"open","template":"","meta":{"_et_pb_use_builder":"on","_et_pb_old_content":"<p>\u00a0<\/p><p>Se anche tu come noi hai <span style=\"color: #3366ff;\"><strong>Santorini nel cuore<\/strong><\/span>, scrivici e raccontaci la tua esperienza.<\/p><p>Se il tuo racconto \u00e8 in linea con la nostra filosofia ti chiederemo di diventare uno dei nostri Guest Blogger e raccontare con tante parole, immagini o i video la tua esperienza sull'isola di <span style=\"color: #3366ff;\"><strong>Santorini<\/strong><\/span>.<\/p><p>Per tutti i nostri guest blogger riserveremo una speciale sorpresa.<\/p><p>Scrivici subito:<\/p><p><strong><span style=\"color: #3366ff;\">blog@welovesantorini.com<\/span><\/strong><\/p>","_et_gb_content_width":"","footnotes":""},"class_list":["post-31","page","type-page","status-publish","hentry"],"amp_enabled":true,"_links":{"self":[{"href":"https:\/\/welovesantorini.com\/it\/wp-json\/wp\/v2\/pages\/31","targetHints":{"allow":["GET"]}}],"collection":[{"href":"https:\/\/welovesantorini.com\/it\/wp-json\/wp\/v2\/pages"}],"about":[{"href":"https:\/\/welovesantorini.com\/it\/wp-json\/wp\/v2\/types\/page"}],"author":[{"embeddable":true,"href":"https:\/\/welovesantorini.com\/it\/wp-json\/wp\/v2\/users\/7"}],"replies":[{"embeddable":true,"href":"https:\/\/welovesantorini.com\/it\/wp-json\/wp\/v2\/comments?post=31"}],"version-history":[{"count":0,"href":"https:\/\/welovesantorini.com\/it\/wp-json\/wp\/v2\/pages\/31\/revisions"}],"wp:attachment":[{"href":"https:\/\/welovesantorini.com\/it\/wp-json\/wp\/v2\/media?parent=31"}],"curies":[{"name":"wp","href":"https:\/\/api.w.org\/{rel}","templated":true}]}}